{"id":456,"date":"2016-05-31T13:04:33","date_gmt":"2016-05-31T12:04:33","guid":{"rendered":"http:\/\/rasinski.okrug.gov.rs\/english\/?page_id=456"},"modified":"2016-06-08T10:22:27","modified_gmt":"2016-06-08T09:22:27","slug":"%d0%bb%d0%b8%d0%bd%d0%ba%d0%be%d0%b2%d0%b8","status":"publish","type":"page","link":"http:\/\/rasinski.okrug.gov.rs\/english\/%d0%bb%d0%b8%d0%bd%d0%ba%d0%be%d0%b2%d0%b8\/","title":{"rendered":"Links"},"content":{"rendered":"<p><strong><span id=\"result_box\" class=\"short_text\" lang=\"en\">Government <span class=\"\">and ministries<\/span><\/span><\/strong><\/p>\n<p style=\"padding-left: 30px;\"><a href=\"http:\/\/gov.rs\/\" target=\"_blank\">\u0412\u043b\u0430\u0434\u0430 \u0420\u0435\u043f\u0443\u0431\u043b\u0438\u043a\u0435 \u0421\u0440\u0431\u0438\u0458\u0435<\/a><br \/>\n<a href=\"http:\/\/www.uzzpro.gov.rs\/upravni-okruzi.html\" target=\"_blank\">\u0423\u043f\u0440\u0430\u0432\u043d\u0438 \u043e\u043a\u0440\u0443\u0437\u0438 \u0443 \u0421\u0440\u0431\u0438\u0458\u0438<\/a><br \/>\n<a href=\"http:\/\/www.drzavnauprava.gov.rs\/\" target=\"_blank\">\u0414\u0440\u0436\u0430\u0432\u043d\u0430 \u0443\u043f\u0440\u0430\u0432\u0430 &#8211; \u041c\u0438\u043d\u0438\u0441\u0442\u0430\u0440\u0441\u0442\u0432\u043e \u043f\u0440\u0430\u0432\u0434\u0435<\/a><\/p>\n<p><strong><span id=\"result_box\" class=\"short_text\" lang=\"en\">From <span class=\"\">the Rasina District<\/span><\/span><\/strong><\/p>\n<p style=\"padding-left: 30px;\"><a href=\"http:\/\/krusevac.rs\" target=\"_blank\">City of Kru\u0161evac<\/a><br \/>\n<a href=\"http:\/\/www.komoraks.co.rs\/\" target=\"_blank\"><span id=\"result_box\" class=\"short_text\" lang=\"en\"><span class=\"\">Regional Chamber of Commerce<\/span><\/span><\/a><br \/>\n<a href=\"http:\/\/037info.net\" target=\"_blank\">Internet portal Kru\u0161evac<\/a><br \/>\n<a href=\"http:\/\/krusevacpress.com\" target=\"_blank\">Kru\u0161evacPRESS<\/a><\/p>\n<p>&nbsp;<\/p>\n","protected":false},"excerpt":{"rendered":"<p>Government and ministries \u0412\u043b\u0430\u0434\u0430 \u0420\u0435\u043f\u0443\u0431\u043b\u0438\u043a\u0435 \u0421\u0440\u0431\u0438\u0458\u0435 \u0423\u043f\u0440\u0430\u0432\u043d\u0438 \u043e\u043a\u0440\u0443\u0437\u0438 \u0443 \u0421\u0440\u0431\u0438\u0458\u0438 \u0414\u0440\u0436\u0430\u0432\u043d\u0430 \u0443\u043f\u0440\u0430\u0432\u0430 &#8211; \u041c\u0438\u043d\u0438\u0441\u0442\u0430\u0440\u0441\u0442\u0432\u043e \u043f\u0440\u0430\u0432\u0434\u0435 From the Rasina District City of Kru\u0161evac Regional Chamber of Commerce Internet portal Kru\u0161evac Kru\u0161evacPRESS &nbsp;<\/p>\n","protected":false},"author":1,"featured_media":0,"parent":0,"menu_order":0,"comment_status":"closed","ping_status":"closed","template":"","meta":{"footnotes":""},"categories":[7],"tags":[],"_links":{"self":[{"href":"http:\/\/rasinski.okrug.gov.rs\/english\/wp-json\/wp\/v2\/pages\/456"}],"collection":[{"href":"http:\/\/rasinski.okrug.gov.rs\/english\/wp-json\/wp\/v2\/pages"}],"about":[{"href":"http:\/\/rasinski.okrug.gov.rs\/english\/wp-json\/wp\/v2\/types\/page"}],"author":[{"embeddable":true,"href":"http:\/\/rasinski.okrug.gov.rs\/english\/wp-json\/wp\/v2\/users\/1"}],"replies":[{"embeddable":true,"href":"http:\/\/rasinski.okrug.gov.rs\/english\/wp-json\/wp\/v2\/comments?post=456"}],"version-history":[{"count":3,"href":"http:\/\/rasinski.okrug.gov.rs\/english\/wp-json\/wp\/v2\/pages\/456\/revisions"}],"predecessor-version":[{"id":652,"href":"http:\/\/rasinski.okrug.gov.rs\/english\/wp-json\/wp\/v2\/pages\/456\/revisions\/652"}],"wp:attachment":[{"href":"http:\/\/rasinski.okrug.gov.rs\/english\/wp-json\/wp\/v2\/media?parent=456"}],"wp:term":[{"taxonomy":"category","embeddable":true,"href":"http:\/\/rasinski.okrug.gov.rs\/english\/wp-json\/wp\/v2\/categories?post=456"},{"taxonomy":"post_tag","embeddable":true,"href":"http:\/\/rasinski.okrug.gov.rs\/english\/wp-json\/wp\/v2\/tags?post=456"}],"curies":[{"name":"wp","href":"https:\/\/api.w.org\/{rel}","templated":true}]}}